{"id":326,"date":"2025-10-07T20:21:27","date_gmt":"2025-10-07T20:21:27","guid":{"rendered":"https:\/\/gsfortuna.ba\/?page_id=326"},"modified":"2025-10-07T20:23:55","modified_gmt":"2025-10-07T20:23:55","slug":"kopirnica","status":"publish","type":"page","link":"https:\/\/gsfortuna.ba\/index.php\/kopirnica\/","title":{"rendered":"Kopirnica"},"content":{"rendered":"\t\t<div data-elementor-type=\"wp-page\" data-elementor-id=\"326\" class=\"elementor elementor-326\">\n\t\t\t\t<div class=\"elementor-element elementor-element-763a8c1 e-flex e-con-boxed e-con e-parent\" data-id=\"763a8c1\" data-element_type=\"container\">\n\t\t\t\t\t<div class=\"e-con-inner\">\n\t\t\t\t<div class=\"elementor-element elementor-element-0be4273 elementor-widget elementor-widget-text-editor\" data-id=\"0be4273\" data-element_type=\"widget\" data-widget_type=\"text-editor.default\">\n\t\t\t\t\t\t\t\t\t<p data-start=\"343\" data-end=\"692\">Na\u0161a kopirnica je poznata po <strong data-start=\"372\" data-end=\"413\">brzoj, pouzdanoj i kvalitetnoj usluzi<\/strong>, koju su tokom godina prepoznali brojni studenti, profesori i poslovni klijenti.<br data-start=\"494\" data-end=\"497\" \/>Bez obzira da li vam treba samo par stranica za ispit, kompletan zavr\u0161ni rad ili profesionalno ure\u0111en dokument za posao \u2013 kod nas sve mo\u017eete zavr\u0161iti na jednom mjestu, bez \u010dekanja i komplikacija.<\/p><p data-start=\"694\" data-end=\"722\">Nudimo \u0161irok spektar usluga:<\/p><ul data-start=\"724\" data-end=\"1360\"><li data-start=\"724\" data-end=\"867\"><p data-start=\"726\" data-end=\"867\"><strong data-start=\"726\" data-end=\"759\">Crno-bijelo i kolor kopiranje<\/strong> \u2013 savr\u0161eno za skripte, priru\u010dnike i poslovne materijale. Kopiramo brzo, precizno i na kvalitetnom papiru.<\/p><\/li><li data-start=\"868\" data-end=\"1029\"><p data-start=\"870\" data-end=\"1029\"><strong data-start=\"870\" data-end=\"921\">Printanje studentskih skripti i zavr\u0161nih radova<\/strong> \u2013 \u0161tampa u visokoj rezoluciji, uz mogu\u0107nost uveza, korica i pripreme rada po univerzitetskim standardima.<\/p><\/li><li data-start=\"1030\" data-end=\"1186\"><p data-start=\"1032\" data-end=\"1186\"><strong data-start=\"1032\" data-end=\"1064\">Plastificiranje i uvezivanje<\/strong> \u2013 va\u0161im dokumentima dajemo uredan i profesionalan izgled, idealno za zavr\u0161ne radove, ponude, izvje\u0161taje i prezentacije.<\/p><\/li><li data-start=\"1187\" data-end=\"1360\"><p data-start=\"1189\" data-end=\"1360\"><strong data-start=\"1189\" data-end=\"1216\">Skener i digitalizacija<\/strong> \u2013 pretvorite papirne dokumente u digitalni oblik brzo i jednostavno. Sve skenirane dokumente mo\u017eete dobiti na e-mail, USB ili cloud po \u017eelji.<\/p><\/li><\/ul><p data-start=\"1362\" data-end=\"1569\">Kod nas je naglasak na <strong data-start=\"1385\" data-end=\"1433\">efikasnosti, kvalitetu i pristupa\u010dnoj cijeni<\/strong>.<br data-start=\"1434\" data-end=\"1437\" \/>Ako ste student, mo\u017eete poslati materijal i putem e-maila \u2013 mi \u0107emo ga od\u0161tampati, uvezati i pripremiti za preuzimanje istog dana.<\/p><p data-start=\"1571\" data-end=\"1663\">Ukoliko vam je va\u017ean <strong data-start=\"1592\" data-end=\"1623\">uredan izgled i brza usluga<\/strong>, na\u0161a kopirnica je pravo mjesto za vas.<\/p>\t\t\t\t\t\t\t\t<\/div>\n\t\t\t\t\t<\/div>\n\t\t\t\t<\/div>\n\t\t\t\t<\/div>\n\t\t","protected":false},"excerpt":{"rendered":"<p>Na\u0161a kopirnica je poznata po brzoj, pouzdanoj i kvalitetnoj usluzi, koju su tokom godina prepoznali brojni studenti, profesori i poslovni klijenti.Bez obzira da li vam treba samo par stranica za<\/p>\n","protected":false},"author":1,"featured_media":0,"parent":0,"menu_order":0,"comment_status":"closed","ping_status":"closed","template":"","meta":{"_monsterinsights_skip_tracking":false,"_monsterinsights_sitenote_active":false,"_monsterinsights_sitenote_note":"","_monsterinsights_sitenote_category":0,"_uf_show_specific_survey":0,"_uf_disable_surveys":false,"footnotes":""},"class_list":["post-326","page","type-page","status-publish","hentry"],"aioseo_notices":[],"_links":{"self":[{"href":"https:\/\/gsfortuna.ba\/index.php\/wp-json\/wp\/v2\/pages\/326","targetHints":{"allow":["GET"]}}],"collection":[{"href":"https:\/\/gsfortuna.ba\/index.php\/wp-json\/wp\/v2\/pages"}],"about":[{"href":"https:\/\/gsfortuna.ba\/index.php\/wp-json\/wp\/v2\/types\/page"}],"author":[{"embeddable":true,"href":"https:\/\/gsfortuna.ba\/index.php\/wp-json\/wp\/v2\/users\/1"}],"replies":[{"embeddable":true,"href":"https:\/\/gsfortuna.ba\/index.php\/wp-json\/wp\/v2\/comments?post=326"}],"version-history":[{"count":4,"href":"https:\/\/gsfortuna.ba\/index.php\/wp-json\/wp\/v2\/pages\/326\/revisions"}],"predecessor-version":[{"id":333,"href":"https:\/\/gsfortuna.ba\/index.php\/wp-json\/wp\/v2\/pages\/326\/revisions\/333"}],"wp:attachment":[{"href":"https:\/\/gsfortuna.ba\/index.php\/wp-json\/wp\/v2\/media?parent=326"}],"curies":[{"name":"wp","href":"https:\/\/api.w.org\/{rel}","templated":true}]}}